{"id":68,"date":"2022-10-09T14:29:08","date_gmt":"2022-10-09T12:29:08","guid":{"rendered":"https:\/\/meinweg-deinweg.ch\/?page_id=68"},"modified":"2023-02-26T14:55:52","modified_gmt":"2023-02-26T12:55:52","slug":"ueber-mich","status":"publish","type":"page","link":"https:\/\/meinweg-deinweg.ch\/index.php\/ueber-mich\/","title":{"rendered":"\u00dcber mich"},"content":{"rendered":"\n<p>Hey, ich bin Monika Brunner, ein ganzheitlicher Therapeut und Access Consciousness-Praktiker mit einer Leidenschaft daf\u00fcr, Menschen dabei zu helfen, ein h\u00f6heres Bewusstsein und inneres Wohlbefinden zu erreichen.<\/p>\n\n\n\n<p>Ich habe eine lange Reise durchlaufen, um zu dem zu werden, was ich heute bin. Vor einigen Jahren befand ich mich in einer schwierigen Phase meines Lebens. Ich f\u00fchlte mich in meinem Job unerf\u00fcllt und hatte das Gef\u00fchl, dass etwas in meinem Leben fehlte. Ich wusste, dass ich etwas \u00e4ndern musste, aber ich wusste nicht, wo ich anfangen sollte.<\/p>\n\n\n\n<p>Eines Tages entdeckte ich Access Consciousness und begann, die Techniken auf mich selbst anzuwenden. Ich war \u00fcberrascht und begeistert von den Ergebnissen, die ich erzielte. Ich f\u00fchlte mich leichter, energiegeladener und gl\u00fccklicher als je zuvor. Ich wusste, dass ich anderen Menschen helfen wollte, diese Ver\u00e4nderung auch in ihrem Leben zu erfahren.<\/p>\n\n\n\n<p>So begann ich meine Ausbildung zum Access Consciousness-Praktiker und begann, anderen Menschen zu helfen, ihre eigenen Blockaden zu erkennen und loszulassen, um ein h\u00f6heres Bewusstsein und inneren Frieden zu erreichen.<\/p>\n\n\n\n<p>Ich bin davon \u00fcberzeugt, dass jeder Mensch die F\u00e4higkeit hat, seine eigene Wahrheit und Weisheit zu entdecken und ein erf\u00fclltes und gl\u00fcckliches Leben zu f\u00fchren. Mein Ziel ist es, Ihnen dabei zu helfen, Ihre eigenen Blockaden zu erkennen und loszulassen, um ein h\u00f6heres Bewusstsein und inneren Frieden zu erreichen.<\/p>\n\n\n\n<p>Mir ist es wichtig, dass ich jedem meiner Klienten eine individuelle Erfahrung bieten kann, die auf ihre Bed\u00fcrfnisse zugeschnitten ist. Egal ob Sie eine Access Bars-Behandlung, einen Access Facelift oder einen der \u00fcber 70 verschiedenen K\u00f6rperprozesse ben\u00f6tigen, ich werde mit Ihnen zusammenarbeiten, um die beste Methode f\u00fcr Ihre Bed\u00fcrfnisse zu finden.<\/p>\n\n\n\n<p>Wenn Sie bereit sind, Ihr volles Potenzial zu entfalten und ein Leben voller Freude und Wohlbefinden zu f\u00fchren, dann w\u00fcrde ich mich sehr freuen, von Ihnen zu h\u00f6ren. Kontaktieren Sie mich gerne f\u00fcr weitere Informationen oder um einen Termin zu vereinbaren.<\/p>\n\n\n\n<figure class=\"wp-block-image size-large is-resized is-style-rounded\"><img loading=\"lazy\" decoding=\"async\" src=\"https:\/\/meinweg-deinweg.ch\/wp-content\/uploads\/2023\/01\/Foto-Moni1-768x1024.jpg\" alt=\"\" class=\"wp-image-166\" width=\"475\" height=\"633\" srcset=\"https:\/\/meinweg-deinweg.ch\/wp-content\/uploads\/2023\/01\/Foto-Moni1-768x1024.jpg 768w, https:\/\/meinweg-deinweg.ch\/wp-content\/uploads\/2023\/01\/Foto-Moni1-225x300.jpg 225w, https:\/\/meinweg-deinweg.ch\/wp-content\/uploads\/2023\/01\/Foto-Moni1-1152x1536.jpg 1152w, https:\/\/meinweg-deinweg.ch\/wp-content\/uploads\/2023\/01\/Foto-Moni1-1536x2048.jpg 1536w, https:\/\/meinweg-deinweg.ch\/wp-content\/uploads\/2023\/01\/Foto-Moni1-scaled.jpg 1920w\" sizes=\"auto, (max-width: 475px) 100vw, 475px\" \/><\/figure>\n\n\n\n<p><\/p>\n\n\n\n<p><\/p>\n","protected":false},"excerpt":{"rendered":"<p>Hey, ich bin Monika Brunner, ein ganzheitlicher Therapeut und Access Consciousness-Praktiker mit einer Leidenschaft daf\u00fcr, Menschen dabei zu helfen, ein h\u00f6heres Bewusstsein und inneres Wohlbefinden zu erreichen. Ich habe eine lange Reise durchlaufen, um zu dem zu werden, was ich heute bin. Vor einigen Jahren befand ich mich in einer schwierigen Phase meines Lebens. Ich <a class=\"read-more\" href=\"https:\/\/meinweg-deinweg.ch\/index.php\/ueber-mich\/\">READ MORE<\/a><\/p>\n","protected":false},"author":1,"featured_media":0,"parent":0,"menu_order":0,"comment_status":"closed","ping_status":"closed","template":"","meta":{"footnotes":""},"class_list":["post-68","page","type-page","status-publish","hentry"],"yoast_head":"<!-- This site is optimized with the Yoast SEO plugin v27.5 - https:\/\/yoast.com\/product\/yoast-seo-wordpress\/ -->\n<title>\u00dcber mich - meinweg-deinweg<\/title>\n<meta name=\"robots\" content=\"index, follow, max-snippet:-1, max-image-preview:large, max-video-preview:-1\" \/>\n<link rel=\"canonical\" href=\"https:\/\/meinweg-deinweg.ch\/index.php\/ueber-mich\/\" \/>\n<meta property=\"og:locale\" content=\"de_DE\" \/>\n<meta property=\"og:type\" content=\"article\" \/>\n<meta property=\"og:title\" content=\"\u00dcber mich - meinweg-deinweg\" \/>\n<meta property=\"og:description\" content=\"Hey, ich bin Monika Brunner, ein ganzheitlicher Therapeut und Access Consciousness-Praktiker mit einer Leidenschaft daf\u00fcr, Menschen dabei zu helfen, ein h\u00f6heres Bewusstsein und inneres Wohlbefinden zu erreichen. Ich habe eine lange Reise durchlaufen, um zu dem zu werden, was ich heute bin. Vor einigen Jahren befand ich mich in einer schwierigen Phase meines Lebens. Ich READ MORE\" \/>\n<meta property=\"og:url\" content=\"https:\/\/meinweg-deinweg.ch\/index.php\/ueber-mich\/\" \/>\n<meta property=\"og:site_name\" content=\"meinweg-deinweg\" \/>\n<meta property=\"article:modified_time\" content=\"2023-02-26T12:55:52+00:00\" \/>\n<meta property=\"og:image\" content=\"https:\/\/meinweg-deinweg.ch\/wp-content\/uploads\/2023\/01\/Foto-Moni1-768x1024.jpg\" \/>\n<meta name=\"twitter:card\" content=\"summary_large_image\" \/>\n<meta name=\"twitter:label1\" content=\"Gesch\u00e4tzte Lesezeit\" \/>\n\t<meta name=\"twitter:data1\" content=\"2\u00a0Minuten\" \/>\n<script type=\"application\/ld+json\" class=\"yoast-schema-graph\">{\"@context\":\"https:\\\/\\\/schema.org\",\"@graph\":[{\"@type\":\"WebPage\",\"@id\":\"https:\\\/\\\/meinweg-deinweg.ch\\\/index.php\\\/ueber-mich\\\/\",\"url\":\"https:\\\/\\\/meinweg-deinweg.ch\\\/index.php\\\/ueber-mich\\\/\",\"name\":\"\u00dcber mich - meinweg-deinweg\",\"isPartOf\":{\"@id\":\"https:\\\/\\\/meinweg-deinweg.ch\\\/#website\"},\"primaryImageOfPage\":{\"@id\":\"https:\\\/\\\/meinweg-deinweg.ch\\\/index.php\\\/ueber-mich\\\/#primaryimage\"},\"image\":{\"@id\":\"https:\\\/\\\/meinweg-deinweg.ch\\\/index.php\\\/ueber-mich\\\/#primaryimage\"},\"thumbnailUrl\":\"https:\\\/\\\/meinweg-deinweg.ch\\\/wp-content\\\/uploads\\\/2023\\\/01\\\/Foto-Moni1-768x1024.jpg\",\"datePublished\":\"2022-10-09T12:29:08+00:00\",\"dateModified\":\"2023-02-26T12:55:52+00:00\",\"breadcrumb\":{\"@id\":\"https:\\\/\\\/meinweg-deinweg.ch\\\/index.php\\\/ueber-mich\\\/#breadcrumb\"},\"inLanguage\":\"de-CH\",\"potentialAction\":[{\"@type\":\"ReadAction\",\"target\":[\"https:\\\/\\\/meinweg-deinweg.ch\\\/index.php\\\/ueber-mich\\\/\"]}]},{\"@type\":\"ImageObject\",\"inLanguage\":\"de-CH\",\"@id\":\"https:\\\/\\\/meinweg-deinweg.ch\\\/index.php\\\/ueber-mich\\\/#primaryimage\",\"url\":\"https:\\\/\\\/meinweg-deinweg.ch\\\/wp-content\\\/uploads\\\/2023\\\/01\\\/Foto-Moni1-768x1024.jpg\",\"contentUrl\":\"https:\\\/\\\/meinweg-deinweg.ch\\\/wp-content\\\/uploads\\\/2023\\\/01\\\/Foto-Moni1-768x1024.jpg\"},{\"@type\":\"BreadcrumbList\",\"@id\":\"https:\\\/\\\/meinweg-deinweg.ch\\\/index.php\\\/ueber-mich\\\/#breadcrumb\",\"itemListElement\":[{\"@type\":\"ListItem\",\"position\":1,\"name\":\"Startseite\",\"item\":\"https:\\\/\\\/meinweg-deinweg.ch\\\/\"},{\"@type\":\"ListItem\",\"position\":2,\"name\":\"\u00dcber mich\"}]},{\"@type\":\"WebSite\",\"@id\":\"https:\\\/\\\/meinweg-deinweg.ch\\\/#website\",\"url\":\"https:\\\/\\\/meinweg-deinweg.ch\\\/\",\"name\":\"meinweg-deinweg\",\"description\":\"Lebensberatung mit Hilfsmittel\",\"potentialAction\":[{\"@type\":\"SearchAction\",\"target\":{\"@type\":\"EntryPoint\",\"urlTemplate\":\"https:\\\/\\\/meinweg-deinweg.ch\\\/?s={search_term_string}\"},\"query-input\":{\"@type\":\"PropertyValueSpecification\",\"valueRequired\":true,\"valueName\":\"search_term_string\"}}],\"inLanguage\":\"de-CH\"}]}<\/script>\n<!-- \/ Yoast SEO plugin. -->","yoast_head_json":{"title":"\u00dcber mich - meinweg-deinweg","robots":{"index":"index","follow":"follow","max-snippet":"max-snippet:-1","max-image-preview":"max-image-preview:large","max-video-preview":"max-video-preview:-1"},"canonical":"https:\/\/meinweg-deinweg.ch\/index.php\/ueber-mich\/","og_locale":"de_DE","og_type":"article","og_title":"\u00dcber mich - meinweg-deinweg","og_description":"Hey, ich bin Monika Brunner, ein ganzheitlicher Therapeut und Access Consciousness-Praktiker mit einer Leidenschaft daf\u00fcr, Menschen dabei zu helfen, ein h\u00f6heres Bewusstsein und inneres Wohlbefinden zu erreichen. Ich habe eine lange Reise durchlaufen, um zu dem zu werden, was ich heute bin. Vor einigen Jahren befand ich mich in einer schwierigen Phase meines Lebens. Ich READ MORE","og_url":"https:\/\/meinweg-deinweg.ch\/index.php\/ueber-mich\/","og_site_name":"meinweg-deinweg","article_modified_time":"2023-02-26T12:55:52+00:00","og_image":[{"url":"https:\/\/meinweg-deinweg.ch\/wp-content\/uploads\/2023\/01\/Foto-Moni1-768x1024.jpg","type":"","width":"","height":""}],"twitter_card":"summary_large_image","twitter_misc":{"Gesch\u00e4tzte Lesezeit":"2\u00a0Minuten"},"schema":{"@context":"https:\/\/schema.org","@graph":[{"@type":"WebPage","@id":"https:\/\/meinweg-deinweg.ch\/index.php\/ueber-mich\/","url":"https:\/\/meinweg-deinweg.ch\/index.php\/ueber-mich\/","name":"\u00dcber mich - meinweg-deinweg","isPartOf":{"@id":"https:\/\/meinweg-deinweg.ch\/#website"},"primaryImageOfPage":{"@id":"https:\/\/meinweg-deinweg.ch\/index.php\/ueber-mich\/#primaryimage"},"image":{"@id":"https:\/\/meinweg-deinweg.ch\/index.php\/ueber-mich\/#primaryimage"},"thumbnailUrl":"https:\/\/meinweg-deinweg.ch\/wp-content\/uploads\/2023\/01\/Foto-Moni1-768x1024.jpg","datePublished":"2022-10-09T12:29:08+00:00","dateModified":"2023-02-26T12:55:52+00:00","breadcrumb":{"@id":"https:\/\/meinweg-deinweg.ch\/index.php\/ueber-mich\/#breadcrumb"},"inLanguage":"de-CH","potentialAction":[{"@type":"ReadAction","target":["https:\/\/meinweg-deinweg.ch\/index.php\/ueber-mich\/"]}]},{"@type":"ImageObject","inLanguage":"de-CH","@id":"https:\/\/meinweg-deinweg.ch\/index.php\/ueber-mich\/#primaryimage","url":"https:\/\/meinweg-deinweg.ch\/wp-content\/uploads\/2023\/01\/Foto-Moni1-768x1024.jpg","contentUrl":"https:\/\/meinweg-deinweg.ch\/wp-content\/uploads\/2023\/01\/Foto-Moni1-768x1024.jpg"},{"@type":"BreadcrumbList","@id":"https:\/\/meinweg-deinweg.ch\/index.php\/ueber-mich\/#breadcrumb","itemListElement":[{"@type":"ListItem","position":1,"name":"Startseite","item":"https:\/\/meinweg-deinweg.ch\/"},{"@type":"ListItem","position":2,"name":"\u00dcber mich"}]},{"@type":"WebSite","@id":"https:\/\/meinweg-deinweg.ch\/#website","url":"https:\/\/meinweg-deinweg.ch\/","name":"meinweg-deinweg","description":"Lebensberatung mit Hilfsmittel","potentialAction":[{"@type":"SearchAction","target":{"@type":"EntryPoint","urlTemplate":"https:\/\/meinweg-deinweg.ch\/?s={search_term_string}"},"query-input":{"@type":"PropertyValueSpecification","valueRequired":true,"valueName":"search_term_string"}}],"inLanguage":"de-CH"}]}},"_links":{"self":[{"href":"https:\/\/meinweg-deinweg.ch\/index.php\/wp-json\/wp\/v2\/pages\/68","targetHints":{"allow":["GET"]}}],"collection":[{"href":"https:\/\/meinweg-deinweg.ch\/index.php\/wp-json\/wp\/v2\/pages"}],"about":[{"href":"https:\/\/meinweg-deinweg.ch\/index.php\/wp-json\/wp\/v2\/types\/page"}],"author":[{"embeddable":true,"href":"https:\/\/meinweg-deinweg.ch\/index.php\/wp-json\/wp\/v2\/users\/1"}],"replies":[{"embeddable":true,"href":"https:\/\/meinweg-deinweg.ch\/index.php\/wp-json\/wp\/v2\/comments?post=68"}],"version-history":[{"count":12,"href":"https:\/\/meinweg-deinweg.ch\/index.php\/wp-json\/wp\/v2\/pages\/68\/revisions"}],"predecessor-version":[{"id":176,"href":"https:\/\/meinweg-deinweg.ch\/index.php\/wp-json\/wp\/v2\/pages\/68\/revisions\/176"}],"wp:attachment":[{"href":"https:\/\/meinweg-deinweg.ch\/index.php\/wp-json\/wp\/v2\/media?parent=68"}],"curies":[{"name":"wp","href":"https:\/\/api.w.org\/{rel}","templated":true}]}}