{"id":40,"date":"2022-09-21T20:46:28","date_gmt":"2022-09-21T20:46:28","guid":{"rendered":"https:\/\/meinweg-deinweg.ch\/?page_id=40"},"modified":"2024-05-14T18:23:28","modified_gmt":"2024-05-14T16:23:28","slug":"tarot","status":"publish","type":"page","link":"https:\/\/meinweg-deinweg.ch\/index.php\/tarot\/","title":{"rendered":"Tarot"},"content":{"rendered":"\n<p><strong>Meine Tarot Karten begleiten mich \u00fcberall<\/strong><\/p>\n\n\n\n<figure class=\"wp-block-gallery has-nested-images columns-default is-cropped wp-block-gallery-1 is-layout-flex wp-block-gallery-is-layout-flex\">\n<figure class=\"wp-block-image size-large\"><img loading=\"lazy\" decoding=\"async\" width=\"1024\" height=\"762\" data-id=\"302\" src=\"https:\/\/meinweg-deinweg.ch\/wp-content\/uploads\/2024\/05\/1715703235475-002-1024x762.jpeg\" alt=\"\" class=\"wp-image-302\" srcset=\"https:\/\/meinweg-deinweg.ch\/wp-content\/uploads\/2024\/05\/1715703235475-002-1024x762.jpeg 1024w, https:\/\/meinweg-deinweg.ch\/wp-content\/uploads\/2024\/05\/1715703235475-002-300x223.jpeg 300w, https:\/\/meinweg-deinweg.ch\/wp-content\/uploads\/2024\/05\/1715703235475-002-768x571.jpeg 768w, https:\/\/meinweg-deinweg.ch\/wp-content\/uploads\/2024\/05\/1715703235475-002-1536x1143.jpeg 1536w, https:\/\/meinweg-deinweg.ch\/wp-content\/uploads\/2024\/05\/1715703235475-002-2048x1524.jpeg 2048w\" sizes=\"auto, (max-width: 1024px) 100vw, 1024px\" \/><\/figure>\n<\/figure>\n\n\n\n<p>Meine Tarot Karten begleiten mich \u00fcberall. Egal wo ich bin, sind sie auch da und bereit f\u00fcr die Fragen, ob von mir oder von anderen Menschen.<\/p>\n\n\n\n<p>Es ist eine Art Beratung, wann man auf einer Kreuzung steht und nicht mehr weiss, wie es weiter gehen soll. Ein Telefonat oder eine Pers\u00f6nliche Beratung mit der angepasste Legung kann eine wichtige Orientierung f\u00fcr dein Weg sein. Man muss nur betrachten, dass auch da eigenen Gef\u00fchlen mithelfen sollen. Jede ist f\u00fcr sein Gl\u00fcck schlussendlich selbst verantwortlich. <\/p>\n\n\n\n<p><\/p>\n\n\n\n<p>Kosten &#8211;     Eine Frage Fr.25.-\/Std., ab 5 Fragen Fr. 120.-<\/p>\n\n\n\n<p><\/p>\n\n\n\n<p>Jahreslegung        Fr. 120.-<\/p>\n\n\n\n<p>In einer Stunde kann man sehr viel anschauen. Bist du interessiert? Kontaktiere mich f\u00fcr ein Termin abzumachen. <\/p>\n\n\n\n<p>Es w\u00fcrde mich sehr freuen, dich kennenzulernen. <\/p>\n\n\n\n<p><\/p>\n\n\n\n<p><\/p>\n\n\n\n<p><\/p>\n","protected":false},"excerpt":{"rendered":"<p>Meine Tarot Karten begleiten mich \u00fcberall Meine Tarot Karten begleiten mich \u00fcberall. Egal wo ich bin, sind sie auch da und bereit f\u00fcr die Fragen, ob von mir oder von anderen Menschen. Es ist eine Art Beratung, wann man auf einer Kreuzung steht und nicht mehr weiss, wie es weiter gehen soll. Ein Telefonat oder <a class=\"read-more\" href=\"https:\/\/meinweg-deinweg.ch\/index.php\/tarot\/\">READ MORE<\/a><\/p>\n","protected":false},"author":1,"featured_media":46,"parent":0,"menu_order":0,"comment_status":"closed","ping_status":"closed","template":"","meta":{"footnotes":""},"class_list":["post-40","page","type-page","status-publish","has-post-thumbnail","hentry"],"yoast_head":"<!-- This site is optimized with the Yoast SEO plugin v27.5 - https:\/\/yoast.com\/product\/yoast-seo-wordpress\/ -->\n<title>Tarot - meinweg-deinweg<\/title>\n<meta name=\"robots\" content=\"index, follow, max-snippet:-1, max-image-preview:large, max-video-preview:-1\" \/>\n<link rel=\"canonical\" href=\"https:\/\/meinweg-deinweg.ch\/index.php\/tarot\/\" \/>\n<meta property=\"og:locale\" content=\"de_DE\" \/>\n<meta property=\"og:type\" content=\"article\" \/>\n<meta property=\"og:title\" content=\"Tarot - meinweg-deinweg\" \/>\n<meta property=\"og:description\" content=\"Meine Tarot Karten begleiten mich \u00fcberall Meine Tarot Karten begleiten mich \u00fcberall. Egal wo ich bin, sind sie auch da und bereit f\u00fcr die Fragen, ob von mir oder von anderen Menschen. Es ist eine Art Beratung, wann man auf einer Kreuzung steht und nicht mehr weiss, wie es weiter gehen soll. Ein Telefonat oder READ MORE\" \/>\n<meta property=\"og:url\" content=\"https:\/\/meinweg-deinweg.ch\/index.php\/tarot\/\" \/>\n<meta property=\"og:site_name\" content=\"meinweg-deinweg\" \/>\n<meta property=\"article:modified_time\" content=\"2024-05-14T16:23:28+00:00\" \/>\n<meta property=\"og:image\" content=\"https:\/\/meinweg-deinweg.ch\/wp-content\/uploads\/2022\/09\/IMG_20220921_225430-scaled.jpg\" \/>\n\t<meta property=\"og:image:width\" content=\"2560\" \/>\n\t<meta property=\"og:image:height\" content=\"2380\" \/>\n\t<meta property=\"og:image:type\" content=\"image\/jpeg\" \/>\n<meta name=\"twitter:card\" content=\"summary_large_image\" \/>\n<meta name=\"twitter:label1\" content=\"Gesch\u00e4tzte Lesezeit\" \/>\n\t<meta name=\"twitter:data1\" content=\"2\u00a0Minuten\" \/>\n<script type=\"application\/ld+json\" class=\"yoast-schema-graph\">{\"@context\":\"https:\\\/\\\/schema.org\",\"@graph\":[{\"@type\":\"WebPage\",\"@id\":\"https:\\\/\\\/meinweg-deinweg.ch\\\/index.php\\\/tarot\\\/\",\"url\":\"https:\\\/\\\/meinweg-deinweg.ch\\\/index.php\\\/tarot\\\/\",\"name\":\"Tarot - meinweg-deinweg\",\"isPartOf\":{\"@id\":\"https:\\\/\\\/meinweg-deinweg.ch\\\/#website\"},\"primaryImageOfPage\":{\"@id\":\"https:\\\/\\\/meinweg-deinweg.ch\\\/index.php\\\/tarot\\\/#primaryimage\"},\"image\":{\"@id\":\"https:\\\/\\\/meinweg-deinweg.ch\\\/index.php\\\/tarot\\\/#primaryimage\"},\"thumbnailUrl\":\"https:\\\/\\\/meinweg-deinweg.ch\\\/wp-content\\\/uploads\\\/2022\\\/09\\\/IMG_20220921_225430-scaled.jpg\",\"datePublished\":\"2022-09-21T20:46:28+00:00\",\"dateModified\":\"2024-05-14T16:23:28+00:00\",\"breadcrumb\":{\"@id\":\"https:\\\/\\\/meinweg-deinweg.ch\\\/index.php\\\/tarot\\\/#breadcrumb\"},\"inLanguage\":\"de-CH\",\"potentialAction\":[{\"@type\":\"ReadAction\",\"target\":[\"https:\\\/\\\/meinweg-deinweg.ch\\\/index.php\\\/tarot\\\/\"]}]},{\"@type\":\"ImageObject\",\"inLanguage\":\"de-CH\",\"@id\":\"https:\\\/\\\/meinweg-deinweg.ch\\\/index.php\\\/tarot\\\/#primaryimage\",\"url\":\"https:\\\/\\\/meinweg-deinweg.ch\\\/wp-content\\\/uploads\\\/2022\\\/09\\\/IMG_20220921_225430-scaled.jpg\",\"contentUrl\":\"https:\\\/\\\/meinweg-deinweg.ch\\\/wp-content\\\/uploads\\\/2022\\\/09\\\/IMG_20220921_225430-scaled.jpg\",\"width\":2560,\"height\":2380},{\"@type\":\"BreadcrumbList\",\"@id\":\"https:\\\/\\\/meinweg-deinweg.ch\\\/index.php\\\/tarot\\\/#breadcrumb\",\"itemListElement\":[{\"@type\":\"ListItem\",\"position\":1,\"name\":\"Startseite\",\"item\":\"https:\\\/\\\/meinweg-deinweg.ch\\\/\"},{\"@type\":\"ListItem\",\"position\":2,\"name\":\"Tarot\"}]},{\"@type\":\"WebSite\",\"@id\":\"https:\\\/\\\/meinweg-deinweg.ch\\\/#website\",\"url\":\"https:\\\/\\\/meinweg-deinweg.ch\\\/\",\"name\":\"meinweg-deinweg\",\"description\":\"Lebensberatung mit Hilfsmittel\",\"potentialAction\":[{\"@type\":\"SearchAction\",\"target\":{\"@type\":\"EntryPoint\",\"urlTemplate\":\"https:\\\/\\\/meinweg-deinweg.ch\\\/?s={search_term_string}\"},\"query-input\":{\"@type\":\"PropertyValueSpecification\",\"valueRequired\":true,\"valueName\":\"search_term_string\"}}],\"inLanguage\":\"de-CH\"}]}<\/script>\n<!-- \/ Yoast SEO plugin. -->","yoast_head_json":{"title":"Tarot - meinweg-deinweg","robots":{"index":"index","follow":"follow","max-snippet":"max-snippet:-1","max-image-preview":"max-image-preview:large","max-video-preview":"max-video-preview:-1"},"canonical":"https:\/\/meinweg-deinweg.ch\/index.php\/tarot\/","og_locale":"de_DE","og_type":"article","og_title":"Tarot - meinweg-deinweg","og_description":"Meine Tarot Karten begleiten mich \u00fcberall Meine Tarot Karten begleiten mich \u00fcberall. Egal wo ich bin, sind sie auch da und bereit f\u00fcr die Fragen, ob von mir oder von anderen Menschen. Es ist eine Art Beratung, wann man auf einer Kreuzung steht und nicht mehr weiss, wie es weiter gehen soll. Ein Telefonat oder READ MORE","og_url":"https:\/\/meinweg-deinweg.ch\/index.php\/tarot\/","og_site_name":"meinweg-deinweg","article_modified_time":"2024-05-14T16:23:28+00:00","og_image":[{"width":2560,"height":2380,"url":"https:\/\/meinweg-deinweg.ch\/wp-content\/uploads\/2022\/09\/IMG_20220921_225430-scaled.jpg","type":"image\/jpeg"}],"twitter_card":"summary_large_image","twitter_misc":{"Gesch\u00e4tzte Lesezeit":"2\u00a0Minuten"},"schema":{"@context":"https:\/\/schema.org","@graph":[{"@type":"WebPage","@id":"https:\/\/meinweg-deinweg.ch\/index.php\/tarot\/","url":"https:\/\/meinweg-deinweg.ch\/index.php\/tarot\/","name":"Tarot - meinweg-deinweg","isPartOf":{"@id":"https:\/\/meinweg-deinweg.ch\/#website"},"primaryImageOfPage":{"@id":"https:\/\/meinweg-deinweg.ch\/index.php\/tarot\/#primaryimage"},"image":{"@id":"https:\/\/meinweg-deinweg.ch\/index.php\/tarot\/#primaryimage"},"thumbnailUrl":"https:\/\/meinweg-deinweg.ch\/wp-content\/uploads\/2022\/09\/IMG_20220921_225430-scaled.jpg","datePublished":"2022-09-21T20:46:28+00:00","dateModified":"2024-05-14T16:23:28+00:00","breadcrumb":{"@id":"https:\/\/meinweg-deinweg.ch\/index.php\/tarot\/#breadcrumb"},"inLanguage":"de-CH","potentialAction":[{"@type":"ReadAction","target":["https:\/\/meinweg-deinweg.ch\/index.php\/tarot\/"]}]},{"@type":"ImageObject","inLanguage":"de-CH","@id":"https:\/\/meinweg-deinweg.ch\/index.php\/tarot\/#primaryimage","url":"https:\/\/meinweg-deinweg.ch\/wp-content\/uploads\/2022\/09\/IMG_20220921_225430-scaled.jpg","contentUrl":"https:\/\/meinweg-deinweg.ch\/wp-content\/uploads\/2022\/09\/IMG_20220921_225430-scaled.jpg","width":2560,"height":2380},{"@type":"BreadcrumbList","@id":"https:\/\/meinweg-deinweg.ch\/index.php\/tarot\/#breadcrumb","itemListElement":[{"@type":"ListItem","position":1,"name":"Startseite","item":"https:\/\/meinweg-deinweg.ch\/"},{"@type":"ListItem","position":2,"name":"Tarot"}]},{"@type":"WebSite","@id":"https:\/\/meinweg-deinweg.ch\/#website","url":"https:\/\/meinweg-deinweg.ch\/","name":"meinweg-deinweg","description":"Lebensberatung mit Hilfsmittel","potentialAction":[{"@type":"SearchAction","target":{"@type":"EntryPoint","urlTemplate":"https:\/\/meinweg-deinweg.ch\/?s={search_term_string}"},"query-input":{"@type":"PropertyValueSpecification","valueRequired":true,"valueName":"search_term_string"}}],"inLanguage":"de-CH"}]}},"_links":{"self":[{"href":"https:\/\/meinweg-deinweg.ch\/index.php\/wp-json\/wp\/v2\/pages\/40","targetHints":{"allow":["GET"]}}],"collection":[{"href":"https:\/\/meinweg-deinweg.ch\/index.php\/wp-json\/wp\/v2\/pages"}],"about":[{"href":"https:\/\/meinweg-deinweg.ch\/index.php\/wp-json\/wp\/v2\/types\/page"}],"author":[{"embeddable":true,"href":"https:\/\/meinweg-deinweg.ch\/index.php\/wp-json\/wp\/v2\/users\/1"}],"replies":[{"embeddable":true,"href":"https:\/\/meinweg-deinweg.ch\/index.php\/wp-json\/wp\/v2\/comments?post=40"}],"version-history":[{"count":11,"href":"https:\/\/meinweg-deinweg.ch\/index.php\/wp-json\/wp\/v2\/pages\/40\/revisions"}],"predecessor-version":[{"id":303,"href":"https:\/\/meinweg-deinweg.ch\/index.php\/wp-json\/wp\/v2\/pages\/40\/revisions\/303"}],"wp:featuredmedia":[{"embeddable":true,"href":"https:\/\/meinweg-deinweg.ch\/index.php\/wp-json\/wp\/v2\/media\/46"}],"wp:attachment":[{"href":"https:\/\/meinweg-deinweg.ch\/index.php\/wp-json\/wp\/v2\/media?parent=40"}],"curies":[{"name":"wp","href":"https:\/\/api.w.org\/{rel}","templated":true}]}}