{"id":101,"date":"2022-10-09T16:42:44","date_gmt":"2022-10-09T14:42:44","guid":{"rendered":"https:\/\/meinweg-deinweg.ch\/?page_id=101"},"modified":"2024-07-24T10:23:11","modified_gmt":"2024-07-24T08:23:11","slug":"blog","status":"publish","type":"page","link":"https:\/\/meinweg-deinweg.ch\/index.php\/blog\/","title":{"rendered":"Blog"},"content":{"rendered":"\n<p>Wenn du das Gef\u00fchl hast, alles ist geschafft, verarbeitet und erledigt&#8230; Jetzt kommt nur noch das sch\u00f6nste Leben und dann&#8230;<\/p>\n\n\n\n<p>Dann merkst du, das die Reise noch nicht vorbei ist und dich erwartet wieder ein Hinderniss auf dem Weg.<\/p>\n\n\n\n<p>Was machst du?<\/p>\n\n\n\n<p>Nun <a><\/a>sind ein paar M\u00f6glichkeiten, wie man diese Hinternissen anschauen kann.<\/p>\n\n\n\n<p>1. Voll in die Verkrampfung im K\u00f6rper gehen.<\/p>\n\n\n\n<p>2. Den schnellsten Weg nehmen, der es gibt.<\/p>\n\n\n\n<p>3. Den langsamsten Weg zu nehmen.<\/p>\n\n\n\n<p>4. Und und und &#8230;<\/p>\n\n\n\n<p>Oder du schaust es einfach nur als eine interessante Reise an und bist stolz auf dich, was du bereits im Leben alles geschafft hast.<\/p>\n\n\n\n<p>Manchmal ist es im Leben n\u00f6tig sehr viel zum ausprobieren, bis den man merkt, was wirklich wichtig in seinem Leben ist.<\/p>\n\n\n\n<p>Verliert man etwas damit? Auf keinen Fall, man hat nur gewonnen und alles anderes ist einfach nicht wichtig.<\/p>\n\n\n\n<p>Niemand weiss genau, was du bereits im Leben erlebt hast, mit welchen Situationen du konfrontiert warst und nur schwache Person kann dich Verurteilen und Bewerten.<\/p>\n\n\n\n<p>Denk daran, dass jede Bewertung von anderen Leuten, ist nur die Bewertung an sie selbst.<\/p>\n\n\n\n<p>Ich bin dankbar, bist du mein Follower und ich bin Dankbar, darf ich dir meine Gef\u00fchle und meine Ansichten mitteilen.<\/p>\n\n\n\n<p>Und wei\u00dft du was das beste an dem allem ist? Dass jede, und damit meine ich wirklich jeden, sich aus diesem Text das nimmt, was f\u00fcr ihn stimmt.<\/p>\n\n\n\n<p>Mit Liebe Moni<\/p>\n\n\n\n<p>PS: Bild Quelle aus Pinterest<\/p>\n\n\n\n<figure class=\"wp-block-image size-full is-resized\"><img loading=\"lazy\" decoding=\"async\" width=\"736\" height=\"920\" src=\"https:\/\/meinweg-deinweg.ch\/wp-content\/uploads\/2024\/07\/450813978_439275942430337_2827094282727375278_n.jpg\" alt=\"\" class=\"wp-image-322\" style=\"width:331px;height:auto\" srcset=\"https:\/\/meinweg-deinweg.ch\/wp-content\/uploads\/2024\/07\/450813978_439275942430337_2827094282727375278_n.jpg 736w, https:\/\/meinweg-deinweg.ch\/wp-content\/uploads\/2024\/07\/450813978_439275942430337_2827094282727375278_n-240x300.jpg 240w\" sizes=\"auto, (max-width: 736px) 100vw, 736px\" \/><\/figure>\n\n\n\n<p>\u00dcbersicht Vortr\u00e4ge in Thun. F\u00fcr mehr Infos k\u00f6nnen Sie uns per Mail kontaktieren. <\/p>\n\n\n\n<figure class=\"wp-block-gallery has-nested-images columns-default is-cropped wp-block-gallery-1 is-layout-flex wp-block-gallery-is-layout-flex\">\n<figure class=\"wp-block-image size-full is-style-default\"><img loading=\"lazy\" decoding=\"async\" width=\"1080\" height=\"1920\" data-id=\"196\" src=\"https:\/\/meinweg-deinweg.ch\/wp-content\/uploads\/2023\/03\/Flyer-Vortraege.png\" alt=\"\u00dcbersicht Workshops in Thun\" class=\"wp-image-196\" srcset=\"https:\/\/meinweg-deinweg.ch\/wp-content\/uploads\/2023\/03\/Flyer-Vortraege.png 1080w, https:\/\/meinweg-deinweg.ch\/wp-content\/uploads\/2023\/03\/Flyer-Vortraege-169x300.png 169w, https:\/\/meinweg-deinweg.ch\/wp-content\/uploads\/2023\/03\/Flyer-Vortraege-576x1024.png 576w, https:\/\/meinweg-deinweg.ch\/wp-content\/uploads\/2023\/03\/Flyer-Vortraege-768x1365.png 768w, https:\/\/meinweg-deinweg.ch\/wp-content\/uploads\/2023\/03\/Flyer-Vortraege-864x1536.png 864w\" sizes=\"auto, (max-width: 1080px) 100vw, 1080px\" \/><\/figure>\n<\/figure>\n\n\n\n<p>Vortrag Geld ist nicht das Problem, sondern du. <\/p>\n\n\n\n<figure class=\"wp-block-gallery has-nested-images columns-default is-cropped wp-block-gallery-2 is-layout-flex wp-block-gallery-is-layout-flex\">\n<figure class=\"wp-block-image size-large\"><img loading=\"lazy\" decoding=\"async\" width=\"724\" height=\"1024\" data-id=\"195\" src=\"https:\/\/meinweg-deinweg.ch\/wp-content\/uploads\/2023\/03\/Flyer-Vortrag-Geld-30.03.2023-724x1024.png\" alt=\"\" class=\"wp-image-195\" srcset=\"https:\/\/meinweg-deinweg.ch\/wp-content\/uploads\/2023\/03\/Flyer-Vortrag-Geld-30.03.2023-724x1024.png 724w, https:\/\/meinweg-deinweg.ch\/wp-content\/uploads\/2023\/03\/Flyer-Vortrag-Geld-30.03.2023-212x300.png 212w, https:\/\/meinweg-deinweg.ch\/wp-content\/uploads\/2023\/03\/Flyer-Vortrag-Geld-30.03.2023-768x1086.png 768w, https:\/\/meinweg-deinweg.ch\/wp-content\/uploads\/2023\/03\/Flyer-Vortrag-Geld-30.03.2023-1086x1536.png 1086w, https:\/\/meinweg-deinweg.ch\/wp-content\/uploads\/2023\/03\/Flyer-Vortrag-Geld-30.03.2023.png 1414w\" sizes=\"auto, (max-width: 724px) 100vw, 724px\" \/><\/figure>\n<\/figure>\n\n\n\n<p><\/p>\n\n\n\n<p>Access Bars Kurs am 08.04.2023 weg mit Polarit\u00e4t&#8230;<\/p>\n\n\n\n<figure class=\"wp-block-gallery has-nested-images columns-default is-cropped wp-block-gallery-3 is-layout-flex wp-block-gallery-is-layout-flex\">\n<figure class=\"wp-block-image size-large\"><img loading=\"lazy\" decoding=\"async\" width=\"1024\" height=\"1024\" data-id=\"194\" src=\"https:\/\/meinweg-deinweg.ch\/wp-content\/uploads\/2023\/03\/Flyer-Bars-Kurs-08.04.2023-1024x1024.png\" alt=\"\" class=\"wp-image-194\" srcset=\"https:\/\/meinweg-deinweg.ch\/wp-content\/uploads\/2023\/03\/Flyer-Bars-Kurs-08.04.2023-1024x1024.png 1024w, https:\/\/meinweg-deinweg.ch\/wp-content\/uploads\/2023\/03\/Flyer-Bars-Kurs-08.04.2023-300x300.png 300w, https:\/\/meinweg-deinweg.ch\/wp-content\/uploads\/2023\/03\/Flyer-Bars-Kurs-08.04.2023-150x150.png 150w, https:\/\/meinweg-deinweg.ch\/wp-content\/uploads\/2023\/03\/Flyer-Bars-Kurs-08.04.2023-768x768.png 768w, https:\/\/meinweg-deinweg.ch\/wp-content\/uploads\/2023\/03\/Flyer-Bars-Kurs-08.04.2023.png 1080w\" sizes=\"auto, (max-width: 1024px) 100vw, 1024px\" \/><\/figure>\n<\/figure>\n\n\n\n<p><strong>Bewegungstage am 16.10.2022<\/strong><\/p>\n\n\n\n<figure class=\"wp-block-image size-large is-resized\"><img loading=\"lazy\" decoding=\"async\" width=\"768\" height=\"1024\" src=\"https:\/\/meinweg-deinweg.ch\/wp-content\/uploads\/2022\/10\/Bewegungstage-flyer-768x1024.jpg\" alt=\"\" class=\"wp-image-123\" style=\"width:388px;height:517px\" srcset=\"https:\/\/meinweg-deinweg.ch\/wp-content\/uploads\/2022\/10\/Bewegungstage-flyer-768x1024.jpg 768w, https:\/\/meinweg-deinweg.ch\/wp-content\/uploads\/2022\/10\/Bewegungstage-flyer-225x300.jpg 225w, https:\/\/meinweg-deinweg.ch\/wp-content\/uploads\/2022\/10\/Bewegungstage-flyer-1152x1536.jpg 1152w, https:\/\/meinweg-deinweg.ch\/wp-content\/uploads\/2022\/10\/Bewegungstage-flyer.jpg 1512w\" sizes=\"auto, (max-width: 768px) 100vw, 768px\" \/><\/figure>\n\n\n\n<p>Am Sonntag dem 16. Oktober 2022 durfte ich am Bewegungstag teilnehmen. Was f\u00fcr ein Tag und Ambience es war, WOW.  <\/p>\n\n\n\n<figure class=\"wp-block-gallery has-nested-images columns-default is-cropped wp-block-gallery-4 is-layout-flex wp-block-gallery-is-layout-flex\">\n<figure class=\"wp-block-image size-large is-resized\"><img loading=\"lazy\" decoding=\"async\" width=\"1024\" height=\"768\" data-id=\"120\" src=\"https:\/\/meinweg-deinweg.ch\/wp-content\/uploads\/2022\/10\/Bewegungstage-Behandlung-1024x768.jpg\" alt=\"\" class=\"wp-image-120\" style=\"width:338px;height:254px\" srcset=\"https:\/\/meinweg-deinweg.ch\/wp-content\/uploads\/2022\/10\/Bewegungstage-Behandlung-1024x768.jpg 1024w, https:\/\/meinweg-deinweg.ch\/wp-content\/uploads\/2022\/10\/Bewegungstage-Behandlung-300x225.jpg 300w, https:\/\/meinweg-deinweg.ch\/wp-content\/uploads\/2022\/10\/Bewegungstage-Behandlung-768x576.jpg 768w, https:\/\/meinweg-deinweg.ch\/wp-content\/uploads\/2022\/10\/Bewegungstage-Behandlung-1536x1152.jpg 1536w, https:\/\/meinweg-deinweg.ch\/wp-content\/uploads\/2022\/10\/Bewegungstage-Behandlung.jpg 2016w\" sizes=\"auto, (max-width: 1024px) 100vw, 1024px\" \/><figcaption class=\"wp-element-caption\">Danke liebe Janine f\u00fcr deine Offenheit und dein Vertrauen!<\/figcaption><\/figure>\n\n\n\n<figure class=\"wp-block-image size-large\"><img loading=\"lazy\" decoding=\"async\" width=\"768\" height=\"1024\" data-id=\"129\" src=\"https:\/\/meinweg-deinweg.ch\/wp-content\/uploads\/2022\/10\/Bewegungstage-Behandlung1-1-768x1024.jpg\" alt=\"\" class=\"wp-image-129\" srcset=\"https:\/\/meinweg-deinweg.ch\/wp-content\/uploads\/2022\/10\/Bewegungstage-Behandlung1-1-768x1024.jpg 768w, https:\/\/meinweg-deinweg.ch\/wp-content\/uploads\/2022\/10\/Bewegungstage-Behandlung1-1-225x300.jpg 225w, https:\/\/meinweg-deinweg.ch\/wp-content\/uploads\/2022\/10\/Bewegungstage-Behandlung1-1-1152x1536.jpg 1152w, https:\/\/meinweg-deinweg.ch\/wp-content\/uploads\/2022\/10\/Bewegungstage-Behandlung1-1.jpg 1512w\" sizes=\"auto, (max-width: 768px) 100vw, 768px\" \/><figcaption class=\"wp-element-caption\">Danke liebe Janine f\u00fcr deine Offenheit und dein Vertrauen!<\/figcaption><\/figure>\n<figcaption class=\"blocks-gallery-caption wp-element-caption\"><span style=\"text-align: start;\">Es floss so viel positive Energie und so viele interessanten Behandlungen durfte ich durchf\u00fchren. <\/span><br><span style=\"text-align: start;\">Ich danke euch allen, Access Bars ausprobiert zu haben. Und danke f\u00fcr euer Vertrauen!<\/span><\/figcaption><\/figure>\n\n\n\n<figure class=\"wp-block-image size-large is-resized\"><img loading=\"lazy\" decoding=\"async\" width=\"1024\" height=\"768\" src=\"https:\/\/meinweg-deinweg.ch\/wp-content\/uploads\/2022\/10\/Bewegungstage-ich-am-Tisch-1024x768.jpg\" alt=\"\" class=\"wp-image-122\" style=\"width:536px;height:402px\" srcset=\"https:\/\/meinweg-deinweg.ch\/wp-content\/uploads\/2022\/10\/Bewegungstage-ich-am-Tisch-1024x768.jpg 1024w, https:\/\/meinweg-deinweg.ch\/wp-content\/uploads\/2022\/10\/Bewegungstage-ich-am-Tisch-300x225.jpg 300w, https:\/\/meinweg-deinweg.ch\/wp-content\/uploads\/2022\/10\/Bewegungstage-ich-am-Tisch-768x576.jpg 768w, https:\/\/meinweg-deinweg.ch\/wp-content\/uploads\/2022\/10\/Bewegungstage-ich-am-Tisch-1536x1152.jpg 1536w, https:\/\/meinweg-deinweg.ch\/wp-content\/uploads\/2022\/10\/Bewegungstage-ich-am-Tisch.jpg 2016w\" sizes=\"auto, (max-width: 1024px) 100vw, 1024px\" \/><figcaption class=\"wp-element-caption\">Ich w\u00fcnsche euch nur das Beste, eine Leichtigkeit im Leben und freue mich auf ein Wiedersehen! <\/figcaption><\/figure>\n\n\n\n<p><\/p>\n","protected":false},"excerpt":{"rendered":"<p>Wenn du das Gef\u00fchl hast, alles ist geschafft, verarbeitet und erledigt&#8230; Jetzt kommt nur noch das sch\u00f6nste Leben und dann&#8230; Dann merkst du, das die Reise noch nicht vorbei ist und dich erwartet wieder ein Hinderniss auf dem Weg. Was machst du? Nun sind ein paar M\u00f6glichkeiten, wie man diese Hinternissen anschauen kann. 1. Voll <a class=\"read-more\" href=\"https:\/\/meinweg-deinweg.ch\/index.php\/blog\/\">READ MORE<\/a><\/p>\n","protected":false},"author":1,"featured_media":0,"parent":0,"menu_order":0,"comment_status":"closed","ping_status":"closed","template":"","meta":{"footnotes":""},"class_list":["post-101","page","type-page","status-publish","hentry"],"yoast_head":"<!-- This site is optimized with the Yoast SEO plugin v27.5 - https:\/\/yoast.com\/product\/yoast-seo-wordpress\/ -->\n<title>Blog - meinweg-deinweg<\/title>\n<meta name=\"robots\" content=\"index, follow, max-snippet:-1, max-image-preview:large, max-video-preview:-1\" \/>\n<link rel=\"canonical\" href=\"https:\/\/meinweg-deinweg.ch\/index.php\/blog\/\" \/>\n<meta property=\"og:locale\" content=\"de_DE\" \/>\n<meta property=\"og:type\" content=\"article\" \/>\n<meta property=\"og:title\" content=\"Blog - meinweg-deinweg\" \/>\n<meta property=\"og:description\" content=\"Wenn du das Gef\u00fchl hast, alles ist geschafft, verarbeitet und erledigt&#8230; Jetzt kommt nur noch das sch\u00f6nste Leben und dann&#8230; Dann merkst du, das die Reise noch nicht vorbei ist und dich erwartet wieder ein Hinderniss auf dem Weg. Was machst du? Nun sind ein paar M\u00f6glichkeiten, wie man diese Hinternissen anschauen kann. 1. Voll READ MORE\" \/>\n<meta property=\"og:url\" content=\"https:\/\/meinweg-deinweg.ch\/index.php\/blog\/\" \/>\n<meta property=\"og:site_name\" content=\"meinweg-deinweg\" \/>\n<meta property=\"article:modified_time\" content=\"2024-07-24T08:23:11+00:00\" \/>\n<meta property=\"og:image\" content=\"https:\/\/meinweg-deinweg.ch\/wp-content\/uploads\/2024\/07\/450813978_439275942430337_2827094282727375278_n.jpg\" \/>\n<meta name=\"twitter:card\" content=\"summary_large_image\" \/>\n<meta name=\"twitter:label1\" content=\"Gesch\u00e4tzte Lesezeit\" \/>\n\t<meta name=\"twitter:data1\" content=\"4\u00a0Minuten\" \/>\n<script type=\"application\/ld+json\" class=\"yoast-schema-graph\">{\"@context\":\"https:\\\/\\\/schema.org\",\"@graph\":[{\"@type\":\"WebPage\",\"@id\":\"https:\\\/\\\/meinweg-deinweg.ch\\\/index.php\\\/blog\\\/\",\"url\":\"https:\\\/\\\/meinweg-deinweg.ch\\\/index.php\\\/blog\\\/\",\"name\":\"Blog - meinweg-deinweg\",\"isPartOf\":{\"@id\":\"https:\\\/\\\/meinweg-deinweg.ch\\\/#website\"},\"primaryImageOfPage\":{\"@id\":\"https:\\\/\\\/meinweg-deinweg.ch\\\/index.php\\\/blog\\\/#primaryimage\"},\"image\":{\"@id\":\"https:\\\/\\\/meinweg-deinweg.ch\\\/index.php\\\/blog\\\/#primaryimage\"},\"thumbnailUrl\":\"https:\\\/\\\/meinweg-deinweg.ch\\\/wp-content\\\/uploads\\\/2024\\\/07\\\/450813978_439275942430337_2827094282727375278_n.jpg\",\"datePublished\":\"2022-10-09T14:42:44+00:00\",\"dateModified\":\"2024-07-24T08:23:11+00:00\",\"breadcrumb\":{\"@id\":\"https:\\\/\\\/meinweg-deinweg.ch\\\/index.php\\\/blog\\\/#breadcrumb\"},\"inLanguage\":\"de-CH\",\"potentialAction\":[{\"@type\":\"ReadAction\",\"target\":[\"https:\\\/\\\/meinweg-deinweg.ch\\\/index.php\\\/blog\\\/\"]}]},{\"@type\":\"ImageObject\",\"inLanguage\":\"de-CH\",\"@id\":\"https:\\\/\\\/meinweg-deinweg.ch\\\/index.php\\\/blog\\\/#primaryimage\",\"url\":\"https:\\\/\\\/meinweg-deinweg.ch\\\/wp-content\\\/uploads\\\/2024\\\/07\\\/450813978_439275942430337_2827094282727375278_n.jpg\",\"contentUrl\":\"https:\\\/\\\/meinweg-deinweg.ch\\\/wp-content\\\/uploads\\\/2024\\\/07\\\/450813978_439275942430337_2827094282727375278_n.jpg\",\"width\":736,\"height\":920},{\"@type\":\"BreadcrumbList\",\"@id\":\"https:\\\/\\\/meinweg-deinweg.ch\\\/index.php\\\/blog\\\/#breadcrumb\",\"itemListElement\":[{\"@type\":\"ListItem\",\"position\":1,\"name\":\"Startseite\",\"item\":\"https:\\\/\\\/meinweg-deinweg.ch\\\/\"},{\"@type\":\"ListItem\",\"position\":2,\"name\":\"Blog\"}]},{\"@type\":\"WebSite\",\"@id\":\"https:\\\/\\\/meinweg-deinweg.ch\\\/#website\",\"url\":\"https:\\\/\\\/meinweg-deinweg.ch\\\/\",\"name\":\"meinweg-deinweg\",\"description\":\"Lebensberatung mit Hilfsmittel\",\"potentialAction\":[{\"@type\":\"SearchAction\",\"target\":{\"@type\":\"EntryPoint\",\"urlTemplate\":\"https:\\\/\\\/meinweg-deinweg.ch\\\/?s={search_term_string}\"},\"query-input\":{\"@type\":\"PropertyValueSpecification\",\"valueRequired\":true,\"valueName\":\"search_term_string\"}}],\"inLanguage\":\"de-CH\"}]}<\/script>\n<!-- \/ Yoast SEO plugin. -->","yoast_head_json":{"title":"Blog - meinweg-deinweg","robots":{"index":"index","follow":"follow","max-snippet":"max-snippet:-1","max-image-preview":"max-image-preview:large","max-video-preview":"max-video-preview:-1"},"canonical":"https:\/\/meinweg-deinweg.ch\/index.php\/blog\/","og_locale":"de_DE","og_type":"article","og_title":"Blog - meinweg-deinweg","og_description":"Wenn du das Gef\u00fchl hast, alles ist geschafft, verarbeitet und erledigt&#8230; Jetzt kommt nur noch das sch\u00f6nste Leben und dann&#8230; Dann merkst du, das die Reise noch nicht vorbei ist und dich erwartet wieder ein Hinderniss auf dem Weg. Was machst du? Nun sind ein paar M\u00f6glichkeiten, wie man diese Hinternissen anschauen kann. 1. Voll READ MORE","og_url":"https:\/\/meinweg-deinweg.ch\/index.php\/blog\/","og_site_name":"meinweg-deinweg","article_modified_time":"2024-07-24T08:23:11+00:00","og_image":[{"url":"https:\/\/meinweg-deinweg.ch\/wp-content\/uploads\/2024\/07\/450813978_439275942430337_2827094282727375278_n.jpg","type":"","width":"","height":""}],"twitter_card":"summary_large_image","twitter_misc":{"Gesch\u00e4tzte Lesezeit":"4\u00a0Minuten"},"schema":{"@context":"https:\/\/schema.org","@graph":[{"@type":"WebPage","@id":"https:\/\/meinweg-deinweg.ch\/index.php\/blog\/","url":"https:\/\/meinweg-deinweg.ch\/index.php\/blog\/","name":"Blog - meinweg-deinweg","isPartOf":{"@id":"https:\/\/meinweg-deinweg.ch\/#website"},"primaryImageOfPage":{"@id":"https:\/\/meinweg-deinweg.ch\/index.php\/blog\/#primaryimage"},"image":{"@id":"https:\/\/meinweg-deinweg.ch\/index.php\/blog\/#primaryimage"},"thumbnailUrl":"https:\/\/meinweg-deinweg.ch\/wp-content\/uploads\/2024\/07\/450813978_439275942430337_2827094282727375278_n.jpg","datePublished":"2022-10-09T14:42:44+00:00","dateModified":"2024-07-24T08:23:11+00:00","breadcrumb":{"@id":"https:\/\/meinweg-deinweg.ch\/index.php\/blog\/#breadcrumb"},"inLanguage":"de-CH","potentialAction":[{"@type":"ReadAction","target":["https:\/\/meinweg-deinweg.ch\/index.php\/blog\/"]}]},{"@type":"ImageObject","inLanguage":"de-CH","@id":"https:\/\/meinweg-deinweg.ch\/index.php\/blog\/#primaryimage","url":"https:\/\/meinweg-deinweg.ch\/wp-content\/uploads\/2024\/07\/450813978_439275942430337_2827094282727375278_n.jpg","contentUrl":"https:\/\/meinweg-deinweg.ch\/wp-content\/uploads\/2024\/07\/450813978_439275942430337_2827094282727375278_n.jpg","width":736,"height":920},{"@type":"BreadcrumbList","@id":"https:\/\/meinweg-deinweg.ch\/index.php\/blog\/#breadcrumb","itemListElement":[{"@type":"ListItem","position":1,"name":"Startseite","item":"https:\/\/meinweg-deinweg.ch\/"},{"@type":"ListItem","position":2,"name":"Blog"}]},{"@type":"WebSite","@id":"https:\/\/meinweg-deinweg.ch\/#website","url":"https:\/\/meinweg-deinweg.ch\/","name":"meinweg-deinweg","description":"Lebensberatung mit Hilfsmittel","potentialAction":[{"@type":"SearchAction","target":{"@type":"EntryPoint","urlTemplate":"https:\/\/meinweg-deinweg.ch\/?s={search_term_string}"},"query-input":{"@type":"PropertyValueSpecification","valueRequired":true,"valueName":"search_term_string"}}],"inLanguage":"de-CH"}]}},"_links":{"self":[{"href":"https:\/\/meinweg-deinweg.ch\/index.php\/wp-json\/wp\/v2\/pages\/101","targetHints":{"allow":["GET"]}}],"collection":[{"href":"https:\/\/meinweg-deinweg.ch\/index.php\/wp-json\/wp\/v2\/pages"}],"about":[{"href":"https:\/\/meinweg-deinweg.ch\/index.php\/wp-json\/wp\/v2\/types\/page"}],"author":[{"embeddable":true,"href":"https:\/\/meinweg-deinweg.ch\/index.php\/wp-json\/wp\/v2\/users\/1"}],"replies":[{"embeddable":true,"href":"https:\/\/meinweg-deinweg.ch\/index.php\/wp-json\/wp\/v2\/comments?post=101"}],"version-history":[{"count":17,"href":"https:\/\/meinweg-deinweg.ch\/index.php\/wp-json\/wp\/v2\/pages\/101\/revisions"}],"predecessor-version":[{"id":324,"href":"https:\/\/meinweg-deinweg.ch\/index.php\/wp-json\/wp\/v2\/pages\/101\/revisions\/324"}],"wp:attachment":[{"href":"https:\/\/meinweg-deinweg.ch\/index.php\/wp-json\/wp\/v2\/media?parent=101"}],"curies":[{"name":"wp","href":"https:\/\/api.w.org\/{rel}","templated":true}]}}